{"id":150,"date":"2025-01-31T10:52:14","date_gmt":"2025-01-31T09:52:14","guid":{"rendered":"https:\/\/escapade.hr\/?page_id=150"},"modified":"2025-02-18T08:29:16","modified_gmt":"2025-02-18T07:29:16","slug":"start-up-support","status":"publish","type":"page","link":"https:\/\/escapade.hr\/en\/start-up-support\/","title":{"rendered":"Start-Up Support"},"content":{"rendered":"<h1>Helping Entrepreneurs Turn Ideas into Reality<\/h1>\n<p>Starting a business can be an exciting, yet challenging journey. At <strong>ESCAPADE<\/strong>, we offer the resources, guidance, and expert advice you need to successfully launch and scale your business. Whether you are just starting out or looking to expand, we are here to help you thrive in the world of entrepreneurship. Start-Up Support is a comprehensive platform that empowers new entrepreneurs by providing valuable resources, mentorship, and expert guidance. We aim to simplify the often-overwhelming process of starting and growing a business. Our services cover all aspects of business development, from planning and funding to marketing and compliance.<\/p>\n","protected":false},"excerpt":{"rendered":"<p>Helping Entrepreneurs Turn Ideas into Reality Starting a business can be an exciting, yet challenging journey. At ESCAPADE, we offer the resources, guidance, and expert advice you need to successfully &#8230;<\/p>\n","protected":false},"author":1,"featured_media":0,"parent":0,"menu_order":32,"comment_status":"closed","ping_status":"closed","template":"","meta":{"_acf_changed":false,"inline_featured_image":false,"footnotes":""},"class_list":["post-150","page","type-page","status-publish","hentry"],"acf":[],"yoast_head":"<!-- This site is optimized with the Yoast SEO plugin v26.9 - https:\/\/yoast.com\/product\/yoast-seo-wordpress\/ -->\n<title>Start-Up Support - Escapade<\/title>\n<meta name=\"robots\" content=\"index, follow, max-snippet:-1, max-image-preview:large, max-video-preview:-1\" \/>\n<link rel=\"canonical\" href=\"https:\/\/escapade.hr\/en\/start-up-support\/\" \/>\n<meta property=\"og:locale\" content=\"en_US\" \/>\n<meta property=\"og:type\" content=\"article\" \/>\n<meta property=\"og:title\" content=\"Start-Up Support - Escapade\" \/>\n<meta property=\"og:description\" content=\"Helping Entrepreneurs Turn Ideas into Reality Starting a business can be an exciting, yet challenging journey. At ESCAPADE, we offer the resources, guidance, and expert advice you need to successfully ...\" \/>\n<meta property=\"og:url\" content=\"https:\/\/escapade.hr\/en\/start-up-support\/\" \/>\n<meta property=\"og:site_name\" content=\"Escapade\" \/>\n<meta property=\"article:modified_time\" content=\"2025-02-18T07:29:16+00:00\" \/>\n<meta name=\"twitter:card\" content=\"summary_large_image\" \/>\n<meta name=\"twitter:label1\" content=\"Est. reading time\" \/>\n\t<meta name=\"twitter:data1\" content=\"1 minute\" \/>\n<script type=\"application\/ld+json\" class=\"yoast-schema-graph\">{\"@context\":\"https:\/\/schema.org\",\"@graph\":[{\"@type\":\"WebPage\",\"@id\":\"https:\/\/escapade.hr\/en\/start-up-support\/\",\"url\":\"https:\/\/escapade.hr\/en\/start-up-support\/\",\"name\":\"Start-Up Support - Escapade\",\"isPartOf\":{\"@id\":\"https:\/\/escapade.hr\/#website\"},\"datePublished\":\"2025-01-31T09:52:14+00:00\",\"dateModified\":\"2025-02-18T07:29:16+00:00\",\"breadcrumb\":{\"@id\":\"https:\/\/escapade.hr\/en\/start-up-support\/#breadcrumb\"},\"inLanguage\":\"en-US\",\"potentialAction\":[{\"@type\":\"ReadAction\",\"target\":[\"https:\/\/escapade.hr\/en\/start-up-support\/\"]}]},{\"@type\":\"BreadcrumbList\",\"@id\":\"https:\/\/escapade.hr\/en\/start-up-support\/#breadcrumb\",\"itemListElement\":[{\"@type\":\"ListItem\",\"position\":1,\"name\":\"Po\u010detna stranica\",\"item\":\"https:\/\/escapade.hr\/en\/\"},{\"@type\":\"ListItem\",\"position\":2,\"name\":\"Start-Up Support\"}]},{\"@type\":\"WebSite\",\"@id\":\"https:\/\/escapade.hr\/#website\",\"url\":\"https:\/\/escapade.hr\/\",\"name\":\"Escapade\",\"description\":\"Osna\u017eivanje poduze\u0107a kroz stru\u010dnost i inovacije\",\"publisher\":{\"@id\":\"https:\/\/escapade.hr\/#organization\"},\"potentialAction\":[{\"@type\":\"SearchAction\",\"target\":{\"@type\":\"EntryPoint\",\"urlTemplate\":\"https:\/\/escapade.hr\/?s={search_term_string}\"},\"query-input\":{\"@type\":\"PropertyValueSpecification\",\"valueRequired\":true,\"valueName\":\"search_term_string\"}}],\"inLanguage\":\"en-US\"},{\"@type\":\"Organization\",\"@id\":\"https:\/\/escapade.hr\/#organization\",\"name\":\"Escapade d.o.o.\",\"url\":\"https:\/\/escapade.hr\/\",\"logo\":{\"@type\":\"ImageObject\",\"inLanguage\":\"en-US\",\"@id\":\"https:\/\/escapade.hr\/#\/schema\/logo\/image\/\",\"url\":\"https:\/\/escapade.hr\/wp-content\/uploads\/2025\/01\/logo.svg\",\"contentUrl\":\"https:\/\/escapade.hr\/wp-content\/uploads\/2025\/01\/logo.svg\",\"caption\":\"Escapade d.o.o.\"},\"image\":{\"@id\":\"https:\/\/escapade.hr\/#\/schema\/logo\/image\/\"}}]}<\/script>\n<!-- \/ Yoast SEO plugin. -->","yoast_head_json":{"title":"Start-Up Support - Escapade","robots":{"index":"index","follow":"follow","max-snippet":"max-snippet:-1","max-image-preview":"max-image-preview:large","max-video-preview":"max-video-preview:-1"},"canonical":"https:\/\/escapade.hr\/en\/start-up-support\/","og_locale":"en_US","og_type":"article","og_title":"Start-Up Support - Escapade","og_description":"Helping Entrepreneurs Turn Ideas into Reality Starting a business can be an exciting, yet challenging journey. At ESCAPADE, we offer the resources, guidance, and expert advice you need to successfully ...","og_url":"https:\/\/escapade.hr\/en\/start-up-support\/","og_site_name":"Escapade","article_modified_time":"2025-02-18T07:29:16+00:00","twitter_card":"summary_large_image","twitter_misc":{"Est. reading time":"1 minute"},"schema":{"@context":"https:\/\/schema.org","@graph":[{"@type":"WebPage","@id":"https:\/\/escapade.hr\/en\/start-up-support\/","url":"https:\/\/escapade.hr\/en\/start-up-support\/","name":"Start-Up Support - Escapade","isPartOf":{"@id":"https:\/\/escapade.hr\/#website"},"datePublished":"2025-01-31T09:52:14+00:00","dateModified":"2025-02-18T07:29:16+00:00","breadcrumb":{"@id":"https:\/\/escapade.hr\/en\/start-up-support\/#breadcrumb"},"inLanguage":"en-US","potentialAction":[{"@type":"ReadAction","target":["https:\/\/escapade.hr\/en\/start-up-support\/"]}]},{"@type":"BreadcrumbList","@id":"https:\/\/escapade.hr\/en\/start-up-support\/#breadcrumb","itemListElement":[{"@type":"ListItem","position":1,"name":"Po\u010detna stranica","item":"https:\/\/escapade.hr\/en\/"},{"@type":"ListItem","position":2,"name":"Start-Up Support"}]},{"@type":"WebSite","@id":"https:\/\/escapade.hr\/#website","url":"https:\/\/escapade.hr\/","name":"Escapade","description":"Osna\u017eivanje poduze\u0107a kroz stru\u010dnost i inovacije","publisher":{"@id":"https:\/\/escapade.hr\/#organization"},"potentialAction":[{"@type":"SearchAction","target":{"@type":"EntryPoint","urlTemplate":"https:\/\/escapade.hr\/?s={search_term_string}"},"query-input":{"@type":"PropertyValueSpecification","valueRequired":true,"valueName":"search_term_string"}}],"inLanguage":"en-US"},{"@type":"Organization","@id":"https:\/\/escapade.hr\/#organization","name":"Escapade d.o.o.","url":"https:\/\/escapade.hr\/","logo":{"@type":"ImageObject","inLanguage":"en-US","@id":"https:\/\/escapade.hr\/#\/schema\/logo\/image\/","url":"https:\/\/escapade.hr\/wp-content\/uploads\/2025\/01\/logo.svg","contentUrl":"https:\/\/escapade.hr\/wp-content\/uploads\/2025\/01\/logo.svg","caption":"Escapade d.o.o."},"image":{"@id":"https:\/\/escapade.hr\/#\/schema\/logo\/image\/"}}]}},"_links":{"self":[{"href":"https:\/\/escapade.hr\/en\/wp-json\/wp\/v2\/pages\/150","targetHints":{"allow":["GET"]}}],"collection":[{"href":"https:\/\/escapade.hr\/en\/wp-json\/wp\/v2\/pages"}],"about":[{"href":"https:\/\/escapade.hr\/en\/wp-json\/wp\/v2\/types\/page"}],"author":[{"embeddable":true,"href":"https:\/\/escapade.hr\/en\/wp-json\/wp\/v2\/users\/1"}],"replies":[{"embeddable":true,"href":"https:\/\/escapade.hr\/en\/wp-json\/wp\/v2\/comments?post=150"}],"version-history":[{"count":3,"href":"https:\/\/escapade.hr\/en\/wp-json\/wp\/v2\/pages\/150\/revisions"}],"predecessor-version":[{"id":669,"href":"https:\/\/escapade.hr\/en\/wp-json\/wp\/v2\/pages\/150\/revisions\/669"}],"wp:attachment":[{"href":"https:\/\/escapade.hr\/en\/wp-json\/wp\/v2\/media?parent=150"}],"curies":[{"name":"wp","href":"https:\/\/api.w.org\/{rel}","templated":true}]}}