{"id":125,"date":"2025-01-30T11:24:23","date_gmt":"2025-01-30T10:24:23","guid":{"rendered":"https:\/\/escapade.hr\/?page_id=125"},"modified":"2025-02-18T10:26:53","modified_gmt":"2025-02-18T09:26:53","slug":"management-trainings","status":"publish","type":"page","link":"https:\/\/escapade.hr\/en\/management-trainings\/","title":{"rendered":"Management Trainings"},"content":{"rendered":"<h1>Management Trainings<\/h1>\n<h4>Our Management Trainings provide practical knowledge and hands-on experience in key management areas, helping managers at all levels\u2014 from team leaders to executives and business owners\u2014 optimize their business operations.<\/h4>\n","protected":false},"excerpt":{"rendered":"<p>Management Trainings Our Management Trainings provide practical knowledge and hands-on experience in key management areas, helping managers at all levels\u2014 from team leaders to executives and business owners\u2014 optimize their &#8230;<\/p>\n","protected":false},"author":1,"featured_media":0,"parent":0,"menu_order":7,"comment_status":"closed","ping_status":"closed","template":"","meta":{"_acf_changed":false,"inline_featured_image":false,"footnotes":""},"class_list":["post-125","page","type-page","status-publish","hentry"],"acf":[],"yoast_head":"<!-- This site is optimized with the Yoast SEO plugin v26.9 - https:\/\/yoast.com\/product\/yoast-seo-wordpress\/ -->\n<title>Management Trainings - Escapade<\/title>\n<meta name=\"robots\" content=\"index, follow, max-snippet:-1, max-image-preview:large, max-video-preview:-1\" \/>\n<link rel=\"canonical\" href=\"https:\/\/escapade.hr\/en\/management-trainings\/\" \/>\n<meta property=\"og:locale\" content=\"en_US\" \/>\n<meta property=\"og:type\" content=\"article\" \/>\n<meta property=\"og:title\" content=\"Management Trainings - Escapade\" \/>\n<meta property=\"og:description\" content=\"Management Trainings Our Management Trainings provide practical knowledge and hands-on experience in key management areas, helping managers at all levels\u2014 from team leaders to executives and business owners\u2014 optimize their ...\" \/>\n<meta property=\"og:url\" content=\"https:\/\/escapade.hr\/en\/management-trainings\/\" \/>\n<meta property=\"og:site_name\" content=\"Escapade\" \/>\n<meta property=\"article:modified_time\" content=\"2025-02-18T09:26:53+00:00\" \/>\n<meta name=\"twitter:card\" content=\"summary_large_image\" \/>\n<script type=\"application\/ld+json\" class=\"yoast-schema-graph\">{\"@context\":\"https:\/\/schema.org\",\"@graph\":[{\"@type\":\"WebPage\",\"@id\":\"https:\/\/escapade.hr\/en\/management-trainings\/\",\"url\":\"https:\/\/escapade.hr\/en\/management-trainings\/\",\"name\":\"Management Trainings - Escapade\",\"isPartOf\":{\"@id\":\"https:\/\/escapade.hr\/#website\"},\"datePublished\":\"2025-01-30T10:24:23+00:00\",\"dateModified\":\"2025-02-18T09:26:53+00:00\",\"breadcrumb\":{\"@id\":\"https:\/\/escapade.hr\/en\/management-trainings\/#breadcrumb\"},\"inLanguage\":\"en-US\",\"potentialAction\":[{\"@type\":\"ReadAction\",\"target\":[\"https:\/\/escapade.hr\/en\/management-trainings\/\"]}]},{\"@type\":\"BreadcrumbList\",\"@id\":\"https:\/\/escapade.hr\/en\/management-trainings\/#breadcrumb\",\"itemListElement\":[{\"@type\":\"ListItem\",\"position\":1,\"name\":\"Po\u010detna stranica\",\"item\":\"https:\/\/escapade.hr\/en\/\"},{\"@type\":\"ListItem\",\"position\":2,\"name\":\"Management Trainings\"}]},{\"@type\":\"WebSite\",\"@id\":\"https:\/\/escapade.hr\/#website\",\"url\":\"https:\/\/escapade.hr\/\",\"name\":\"Escapade\",\"description\":\"Osna\u017eivanje poduze\u0107a kroz stru\u010dnost i inovacije\",\"publisher\":{\"@id\":\"https:\/\/escapade.hr\/#organization\"},\"potentialAction\":[{\"@type\":\"SearchAction\",\"target\":{\"@type\":\"EntryPoint\",\"urlTemplate\":\"https:\/\/escapade.hr\/?s={search_term_string}\"},\"query-input\":{\"@type\":\"PropertyValueSpecification\",\"valueRequired\":true,\"valueName\":\"search_term_string\"}}],\"inLanguage\":\"en-US\"},{\"@type\":\"Organization\",\"@id\":\"https:\/\/escapade.hr\/#organization\",\"name\":\"Escapade d.o.o.\",\"url\":\"https:\/\/escapade.hr\/\",\"logo\":{\"@type\":\"ImageObject\",\"inLanguage\":\"en-US\",\"@id\":\"https:\/\/escapade.hr\/#\/schema\/logo\/image\/\",\"url\":\"https:\/\/escapade.hr\/wp-content\/uploads\/2025\/01\/logo.svg\",\"contentUrl\":\"https:\/\/escapade.hr\/wp-content\/uploads\/2025\/01\/logo.svg\",\"caption\":\"Escapade d.o.o.\"},\"image\":{\"@id\":\"https:\/\/escapade.hr\/#\/schema\/logo\/image\/\"}}]}<\/script>\n<!-- \/ Yoast SEO plugin. -->","yoast_head_json":{"title":"Management Trainings - Escapade","robots":{"index":"index","follow":"follow","max-snippet":"max-snippet:-1","max-image-preview":"max-image-preview:large","max-video-preview":"max-video-preview:-1"},"canonical":"https:\/\/escapade.hr\/en\/management-trainings\/","og_locale":"en_US","og_type":"article","og_title":"Management Trainings - Escapade","og_description":"Management Trainings Our Management Trainings provide practical knowledge and hands-on experience in key management areas, helping managers at all levels\u2014 from team leaders to executives and business owners\u2014 optimize their ...","og_url":"https:\/\/escapade.hr\/en\/management-trainings\/","og_site_name":"Escapade","article_modified_time":"2025-02-18T09:26:53+00:00","twitter_card":"summary_large_image","schema":{"@context":"https:\/\/schema.org","@graph":[{"@type":"WebPage","@id":"https:\/\/escapade.hr\/en\/management-trainings\/","url":"https:\/\/escapade.hr\/en\/management-trainings\/","name":"Management Trainings - Escapade","isPartOf":{"@id":"https:\/\/escapade.hr\/#website"},"datePublished":"2025-01-30T10:24:23+00:00","dateModified":"2025-02-18T09:26:53+00:00","breadcrumb":{"@id":"https:\/\/escapade.hr\/en\/management-trainings\/#breadcrumb"},"inLanguage":"en-US","potentialAction":[{"@type":"ReadAction","target":["https:\/\/escapade.hr\/en\/management-trainings\/"]}]},{"@type":"BreadcrumbList","@id":"https:\/\/escapade.hr\/en\/management-trainings\/#breadcrumb","itemListElement":[{"@type":"ListItem","position":1,"name":"Po\u010detna stranica","item":"https:\/\/escapade.hr\/en\/"},{"@type":"ListItem","position":2,"name":"Management Trainings"}]},{"@type":"WebSite","@id":"https:\/\/escapade.hr\/#website","url":"https:\/\/escapade.hr\/","name":"Escapade","description":"Osna\u017eivanje poduze\u0107a kroz stru\u010dnost i inovacije","publisher":{"@id":"https:\/\/escapade.hr\/#organization"},"potentialAction":[{"@type":"SearchAction","target":{"@type":"EntryPoint","urlTemplate":"https:\/\/escapade.hr\/?s={search_term_string}"},"query-input":{"@type":"PropertyValueSpecification","valueRequired":true,"valueName":"search_term_string"}}],"inLanguage":"en-US"},{"@type":"Organization","@id":"https:\/\/escapade.hr\/#organization","name":"Escapade d.o.o.","url":"https:\/\/escapade.hr\/","logo":{"@type":"ImageObject","inLanguage":"en-US","@id":"https:\/\/escapade.hr\/#\/schema\/logo\/image\/","url":"https:\/\/escapade.hr\/wp-content\/uploads\/2025\/01\/logo.svg","contentUrl":"https:\/\/escapade.hr\/wp-content\/uploads\/2025\/01\/logo.svg","caption":"Escapade d.o.o."},"image":{"@id":"https:\/\/escapade.hr\/#\/schema\/logo\/image\/"}}]}},"_links":{"self":[{"href":"https:\/\/escapade.hr\/en\/wp-json\/wp\/v2\/pages\/125","targetHints":{"allow":["GET"]}}],"collection":[{"href":"https:\/\/escapade.hr\/en\/wp-json\/wp\/v2\/pages"}],"about":[{"href":"https:\/\/escapade.hr\/en\/wp-json\/wp\/v2\/types\/page"}],"author":[{"embeddable":true,"href":"https:\/\/escapade.hr\/en\/wp-json\/wp\/v2\/users\/1"}],"replies":[{"embeddable":true,"href":"https:\/\/escapade.hr\/en\/wp-json\/wp\/v2\/comments?post=125"}],"version-history":[{"count":6,"href":"https:\/\/escapade.hr\/en\/wp-json\/wp\/v2\/pages\/125\/revisions"}],"predecessor-version":[{"id":717,"href":"https:\/\/escapade.hr\/en\/wp-json\/wp\/v2\/pages\/125\/revisions\/717"}],"wp:attachment":[{"href":"https:\/\/escapade.hr\/en\/wp-json\/wp\/v2\/media?parent=125"}],"curies":[{"name":"wp","href":"https:\/\/api.w.org\/{rel}","templated":true}]}}